{"id":97,"date":"2013-05-13T18:36:57","date_gmt":"2013-05-13T16:36:57","guid":{"rendered":"http:\/\/www.birgitlange.com\/freies_theater\/?page_id=97"},"modified":"2018-12-10T11:45:56","modified_gmt":"2018-12-10T09:45:56","slug":"dinner-for-one","status":"publish","type":"page","link":"http:\/\/www.birgitlange.com\/freies_theater\/dinner-for-one\/","title":{"rendered":"Dinner for One"},"content":{"rendered":"<p><span style=\"font-size: medium;\">1963 lief im damaligen Deutschen Fernsehen die Sendung &#8222;Guten Abend, Peter Frankenfeld&#8220;. Am 8. M\u00e4rz trat Heinz Piper vor das Publikum und erkl\u00e4rte den einzigen Satz, den man in dem folgenden Sketch wirklich verstehen musste: &#8222;The same procedure than every year&#8220;, sagte er. Dieser kleine grammatikalische Fehler &#8211; es hei\u00dft nat\u00fcrlich &#8222;as every year&#8220; &#8211; \u00e4nderte nichts an der Begeisterung des Publikums. &#8222;Dinner for One&#8220; wurde Kult.<\/span><\/p>\n<p><span style=\"font-size: medium;\">Der Sketch schlug ein, das Publikum jubelte.<\/span><\/p>\n<p><a href=\"http:\/\/www.birgitlange.com\/freies_theater\/wp-content\/uploads\/2013\/05\/IMG_2416-005.jpg\"><img decoding=\"async\" loading=\"lazy\" class=\"alignnone wp-image-436\" src=\"http:\/\/www.birgitlange.com\/freies_theater\/wp-content\/uploads\/2013\/05\/IMG_2416-005.jpg\" alt=\"IMG_2416-005\" width=\"256\" height=\"194\" srcset=\"http:\/\/www.birgitlange.com\/freies_theater\/wp-content\/uploads\/2013\/05\/IMG_2416-005.jpg 320w, http:\/\/www.birgitlange.com\/freies_theater\/wp-content\/uploads\/2013\/05\/IMG_2416-005-300x227.jpg 300w, http:\/\/www.birgitlange.com\/freies_theater\/wp-content\/uploads\/2013\/05\/IMG_2416-005-310x235.jpg 310w\" sizes=\"(max-width: 256px) 100vw, 256px\" \/><\/a><\/p>\n<p><span style=\"font-size: medium;\">In Deutschland ist der Sketch inzwischen fester Bestandteil des Silvester-Fernsehprogramms aller dritten Programme der ARD. Die Sendung ist die am h\u00e4ufigsten wiederholte des deutschen Fernsehens.<\/span><\/p>\n<p><span style=\"font-size: medium;\">Dieser Sketch darf nat\u00fcrlich auf keiner Silvesterfeier fehlen, ist aber auch ideal als lustige Einlage f\u00fcr Familien- und Firmenfeste.<\/span><\/p>\n<p><span style=\"font-size: medium;\">Sehen Sie Ulf Albrecht (alternierend Erwing Rau) als Butler James und Bico LaFrey als Miss Sophie im Original Sketch.<\/span><\/p>\n<p><span style=\"font-size: medium;\">Dauer ca. 20-30 Minuten<\/span><\/p>\n<p><span style=\"font-size: medium;\">Sprechen Sie uns an! Wir beraten Sie gern!<\/span><\/p>\n<p><span style=\"font-size: medium;\">Hochachtungsvoll, Ihre Miss Sophie <\/span><\/p>\n<p><a href=\"http:\/\/www.birgitlange.com\/freies_theater\/wp-content\/uploads\/2013\/05\/IMG_2426.jpg\"><img decoding=\"async\" loading=\"lazy\" class=\"alignnone wp-image-389\" src=\"http:\/\/www.birgitlange.com\/freies_theater\/wp-content\/uploads\/2013\/05\/IMG_2426.jpg\" alt=\"IMG_2426\" width=\"300\" height=\"300\" srcset=\"http:\/\/www.birgitlange.com\/freies_theater\/wp-content\/uploads\/2013\/05\/IMG_2426.jpg 360w, http:\/\/www.birgitlange.com\/freies_theater\/wp-content\/uploads\/2013\/05\/IMG_2426-150x150.jpg 150w, http:\/\/www.birgitlange.com\/freies_theater\/wp-content\/uploads\/2013\/05\/IMG_2426-300x300.jpg 300w, http:\/\/www.birgitlange.com\/freies_theater\/wp-content\/uploads\/2013\/05\/IMG_2426-310x310.jpg 310w\" sizes=\"(max-width: 300px) 100vw, 300px\" \/><\/a><\/p>\n<p>&nbsp;<\/p>\n<p><a title=\"Produktionen\" href=\"http:\/\/www.birgitlange.com\/freies_theater\/?page_id=35\">ZUR\u00dcCK<\/a><\/p>\n","protected":false},"excerpt":{"rendered":"","protected":false},"author":1,"featured_media":0,"parent":0,"menu_order":0,"comment_status":"closed","ping_status":"open","template":"","meta":[],"_links":{"self":[{"href":"http:\/\/www.birgitlange.com\/freies_theater\/wp-json\/wp\/v2\/pages\/97"}],"collection":[{"href":"http:\/\/www.birgitlange.com\/freies_theater\/wp-json\/wp\/v2\/pages"}],"about":[{"href":"http:\/\/www.birgitlange.com\/freies_theater\/wp-json\/wp\/v2\/types\/page"}],"author":[{"embeddable":true,"href":"http:\/\/www.birgitlange.com\/freies_theater\/wp-json\/wp\/v2\/users\/1"}],"replies":[{"embeddable":true,"href":"http:\/\/www.birgitlange.com\/freies_theater\/wp-json\/wp\/v2\/comments?post=97"}],"version-history":[{"count":14,"href":"http:\/\/www.birgitlange.com\/freies_theater\/wp-json\/wp\/v2\/pages\/97\/revisions"}],"predecessor-version":[{"id":759,"href":"http:\/\/www.birgitlange.com\/freies_theater\/wp-json\/wp\/v2\/pages\/97\/revisions\/759"}],"wp:attachment":[{"href":"http:\/\/www.birgitlange.com\/freies_theater\/wp-json\/wp\/v2\/media?parent=97"}],"curies":[{"name":"wp","href":"https:\/\/api.w.org\/{rel}","templated":true}]}}