{"id":94,"date":"2013-05-13T18:35:03","date_gmt":"2013-05-13T16:35:03","guid":{"rendered":"http:\/\/www.birgitlange.com\/freies_theater\/?page_id=94"},"modified":"2018-12-10T11:58:02","modified_gmt":"2018-12-10T09:58:02","slug":"o-lieb-solang-du-lieben-kannst","status":"publish","type":"page","link":"http:\/\/www.birgitlange.com\/freies_theater\/o-lieb-solang-du-lieben-kannst\/","title":{"rendered":"O lieb solang du lieben kannst"},"content":{"rendered":"<p><span style=\"font-size: medium;\">Ein dramatisch-poetischer Abend mit OHRgasmusgarantie<\/span><\/p>\n<p><span style=\"font-size: medium;\">Wir entf\u00fchren Sie!<\/span><br \/>\n<span style=\"font-size: medium;\"> Kommen Sie mit auf eine lustvoll-lyrische Reise mit zwei Premium-Weibern im Liebeswahn!<\/span><br \/>\n<span style=\"font-size: medium;\"> Wir verf\u00fchren Sie!<\/span><br \/>\n<span style=\"font-size: medium;\"> Mal romantisch, mal frivol, immer aber voller Leidenschaft pr\u00e4sentieren Petra Feilen und Bico LaFrey die H\u00f6hepunkte der Liebesliteratur gro\u00dfer Dichter und Dramatiker durch die Jahrhunderte. Ausgestattet mit den poetischen Erg\u00fcssen von Ovid \u00fcber Shakespeare und Goldoni bis Kal\u00e9ko liefern wir uns wortreiche Duelle und Duette mit vollem Herz- und K\u00f6rpereinsatz.<\/span><br \/>\n<span style=\"font-size: medium;\"> Wir begl\u00fccken Sie!<\/span><br \/>\n<span style=\"font-size: medium;\"> Wie ein Bad mit Rosenbl\u00fctenbl\u00e4ttern, wie ein Sonnenuntergang am Meer, wie der erste Kuss bei Mondenschein werden wir alle Ihre Sinne zum Beben bringen. So dass Sie am Ende dieses Abend nicht nach Hause gehen werden-<\/span><br \/>\n<span style=\"font-size: medium;\"> sondern schweben wie frisch verliebt.<\/span><br \/>\n<span style=\"font-size: medium;\"> O lieb, solang du lieben kannst!<\/span><br \/>\n<span style=\"font-size: medium;\"> Wer hier nicht kommt ist selber Schuld!<\/span><\/p>\n<p><iframe loading=\"lazy\" src=\"http:\/\/www.youtube.com\/embed\/VxPcTx7hIpw\" width=\"640\" height=\"360\" frameborder=\"0\" allowfullscreen=\"allowfullscreen\"><\/iframe><\/p>\n<p><span style=\"font-size: medium;\">Technische Details: Die Show hat vier Akte und ist sowohl als Dinnershow (mit 3-G\u00e4nge Men\u00fc) oder als regul\u00e4rer Theaterabend (mit oder ohne Pause) \u00a0spielbar.<\/span><\/p>\n<p><span style=\"font-size: medium; color: #800000;\">NEU! &#8211; Die Show ist auch als Soloshow spielbar.<\/span><\/p>\n<p><span style=\"font-size: medium;\">Dauer: ca. 80 Minuten (ohne Pausen)<\/span><\/p>\n<p><span style=\"font-size: medium;\">Gerne passen wir die Show auf Ihre individuellen W\u00fcnsche an!<\/span><\/p>\n<p><a href=\"http:\/\/www.birgitlange.com\/freies_theater\/wp-content\/uploads\/2013\/05\/IMG_4700.jpg\"><img decoding=\"async\" loading=\"lazy\" class=\" wp-image-128 alignleft\" src=\"http:\/\/www.birgitlange.com\/freies_theater\/wp-content\/uploads\/2013\/05\/IMG_4700.jpg\" alt=\"IMG_4700\" width=\"360\" height=\"480\" srcset=\"http:\/\/www.birgitlange.com\/freies_theater\/wp-content\/uploads\/2013\/05\/IMG_4700.jpg 600w, http:\/\/www.birgitlange.com\/freies_theater\/wp-content\/uploads\/2013\/05\/IMG_4700-225x300.jpg 225w, http:\/\/www.birgitlange.com\/freies_theater\/wp-content\/uploads\/2013\/05\/IMG_4700-310x413.jpg 310w\" sizes=\"(max-width: 360px) 100vw, 360px\" \/><\/a><\/p>\n","protected":false},"excerpt":{"rendered":"","protected":false},"author":1,"featured_media":0,"parent":0,"menu_order":0,"comment_status":"closed","ping_status":"open","template":"","meta":[],"_links":{"self":[{"href":"http:\/\/www.birgitlange.com\/freies_theater\/wp-json\/wp\/v2\/pages\/94"}],"collection":[{"href":"http:\/\/www.birgitlange.com\/freies_theater\/wp-json\/wp\/v2\/pages"}],"about":[{"href":"http:\/\/www.birgitlange.com\/freies_theater\/wp-json\/wp\/v2\/types\/page"}],"author":[{"embeddable":true,"href":"http:\/\/www.birgitlange.com\/freies_theater\/wp-json\/wp\/v2\/users\/1"}],"replies":[{"embeddable":true,"href":"http:\/\/www.birgitlange.com\/freies_theater\/wp-json\/wp\/v2\/comments?post=94"}],"version-history":[{"count":16,"href":"http:\/\/www.birgitlange.com\/freies_theater\/wp-json\/wp\/v2\/pages\/94\/revisions"}],"predecessor-version":[{"id":769,"href":"http:\/\/www.birgitlange.com\/freies_theater\/wp-json\/wp\/v2\/pages\/94\/revisions\/769"}],"wp:attachment":[{"href":"http:\/\/www.birgitlange.com\/freies_theater\/wp-json\/wp\/v2\/media?parent=94"}],"curies":[{"name":"wp","href":"https:\/\/api.w.org\/{rel}","templated":true}]}}