{"id":80,"date":"2013-05-13T18:27:11","date_gmt":"2013-05-13T16:27:11","guid":{"rendered":"http:\/\/www.birgitlange.com\/freies_theater\/?page_id=80"},"modified":"2018-12-10T11:50:53","modified_gmt":"2018-12-10T09:50:53","slug":"meeresrauschen","status":"publish","type":"page","link":"http:\/\/www.birgitlange.com\/freies_theater\/meeresrauschen\/","title":{"rendered":"Meeresrauschen"},"content":{"rendered":"<p>Szenischer Liederabend<\/p>\n<p>St\u00fcrmische See, ruhige See, sanfte Wellen und das Schreien der M\u00f6wen.\u2028Lauschen Sie liebgewonnenen Melodien, ob traditionell, sensationell oder im \u00fcberraschend unkonventionellen Gewand. \u2028Mal leise, mal laut, mal melancholisch, dann wieder st\u00fcrmisch- immer aber voller Seele interpretiert Bico LaFrey die Klassiker \u2028der Meereslieder und vert\u00e4ut sie poetisch mit Gedichten von Fontane, Hebbel, Heine oder aus ihrer eigenen Feder.<\/p>\n<p><iframe loading=\"lazy\" src=\"http:\/\/www.youtube.com\/embed\/svkn5iEfN4Y\" width=\"640\" height=\"360\" frameborder=\"0\" allowfullscreen=\"allowfullscreen\"><\/iframe><\/p>\n<p>Technische Details: Die Show hat vier Akte und ist sowohl als Dinnershow (mit 3-G\u00e4nge Men\u00fc) oder als regul\u00e4rer Theaterabend (mit oder ohne Pause) \u00a0spielbar.<\/p>\n<p>Dauer: ca. 90 Minuten (ohne Pausen)<\/p>\n<p>Gerne passen wir die Show auf Ihre individuellen W\u00fcnsche an!<\/p>\n<p><a href=\"http:\/\/www.birgitlange.com\/freies_theater\/wp-content\/uploads\/2013\/05\/1500815_619627508074645_2131420666_o.jpg\"><img decoding=\"async\" loading=\"lazy\" class=\"wp-image-456 alignleft\" src=\"http:\/\/www.birgitlange.com\/freies_theater\/wp-content\/uploads\/2013\/05\/1500815_619627508074645_2131420666_o.jpg\" alt=\"1500815_619627508074645_2131420666_o\" width=\"624\" height=\"451\" srcset=\"http:\/\/www.birgitlange.com\/freies_theater\/wp-content\/uploads\/2013\/05\/1500815_619627508074645_2131420666_o.jpg 1181w, http:\/\/www.birgitlange.com\/freies_theater\/wp-content\/uploads\/2013\/05\/1500815_619627508074645_2131420666_o-300x216.jpg 300w, http:\/\/www.birgitlange.com\/freies_theater\/wp-content\/uploads\/2013\/05\/1500815_619627508074645_2131420666_o-1024x739.jpg 1024w, http:\/\/www.birgitlange.com\/freies_theater\/wp-content\/uploads\/2013\/05\/1500815_619627508074645_2131420666_o-310x223.jpg 310w, http:\/\/www.birgitlange.com\/freies_theater\/wp-content\/uploads\/2013\/05\/1500815_619627508074645_2131420666_o-770x556.jpg 770w\" sizes=\"(max-width: 624px) 100vw, 624px\" \/><\/a><\/p>\n<p>&nbsp;<\/p>\n<p>&nbsp;<\/p>\n<p>&nbsp;<\/p>\n<p>&nbsp;<\/p>\n<p>&nbsp;<\/p>\n<p>&nbsp;<\/p>\n<p>&nbsp;<\/p>\n<p>&nbsp;<\/p>\n<p>&nbsp;<\/p>\n<p>&nbsp;<\/p>\n<p>&nbsp;<\/p>\n<p><span style=\"font-size: xx-small;\">Photo @ Wolfgang Hielscher<\/span><\/p>\n<p>&nbsp;<\/p>\n<p>&nbsp;<\/p>\n<p>&nbsp;<\/p>\n<p>&nbsp;<\/p>\n","protected":false},"excerpt":{"rendered":"","protected":false},"author":1,"featured_media":0,"parent":0,"menu_order":0,"comment_status":"closed","ping_status":"open","template":"","meta":[],"_links":{"self":[{"href":"http:\/\/www.birgitlange.com\/freies_theater\/wp-json\/wp\/v2\/pages\/80"}],"collection":[{"href":"http:\/\/www.birgitlange.com\/freies_theater\/wp-json\/wp\/v2\/pages"}],"about":[{"href":"http:\/\/www.birgitlange.com\/freies_theater\/wp-json\/wp\/v2\/types\/page"}],"author":[{"embeddable":true,"href":"http:\/\/www.birgitlange.com\/freies_theater\/wp-json\/wp\/v2\/users\/1"}],"replies":[{"embeddable":true,"href":"http:\/\/www.birgitlange.com\/freies_theater\/wp-json\/wp\/v2\/comments?post=80"}],"version-history":[{"count":12,"href":"http:\/\/www.birgitlange.com\/freies_theater\/wp-json\/wp\/v2\/pages\/80\/revisions"}],"predecessor-version":[{"id":766,"href":"http:\/\/www.birgitlange.com\/freies_theater\/wp-json\/wp\/v2\/pages\/80\/revisions\/766"}],"wp:attachment":[{"href":"http:\/\/www.birgitlange.com\/freies_theater\/wp-json\/wp\/v2\/media?parent=80"}],"curies":[{"name":"wp","href":"https:\/\/api.w.org\/{rel}","templated":true}]}}