{"id":76,"date":"2013-05-13T18:24:52","date_gmt":"2013-05-13T16:24:52","guid":{"rendered":"http:\/\/www.birgitlange.com\/freies_theater\/?page_id=76"},"modified":"2018-12-10T11:49:53","modified_gmt":"2018-12-10T09:49:53","slug":"liebestaumel","status":"publish","type":"page","link":"http:\/\/www.birgitlange.com\/freies_theater\/liebestaumel\/","title":{"rendered":"Liebestaumel"},"content":{"rendered":"<p>Musiktheaterst\u00fcck<\/p>\n<p>Bico LaFrey in ihrer Paraderolle als Mieze M\u00fcller, zwischen Hoffnung und Verzweiflung, Wut und Euphorie. \u2028Sie singt, sie lacht, sie hadert oder zeigt sich k\u00e4mpferisch. Mal verwandelt sie sich zur Diva, dann wieder ist sie Teenager oder alte Dame. \u2028Denn eines ist schlie\u00dflich all diesen Frauen gemein: die Suche nach der wahren Liebe und dem richtigen Platz im Leben.<\/p>\n<p><iframe loading=\"lazy\" src=\"http:\/\/www.youtube.com\/embed\/jO_AvBA_DmY\" width=\"640\" height=\"360\" frameborder=\"0\" allowfullscreen=\"allowfullscreen\"><\/iframe><\/p>\n<p>Technische Details: Die Show hat vier Akte und ist sowohl als Dinnershow (mit 3-G\u00e4nge Men\u00fc) oder als regul\u00e4rer Theaterabend (mit einer Pause nach dem zweiten Akt) \u00a0spielbar.<\/p>\n<p>Dauer: ca. 100 Minuten (inkl. einer Pause)<\/p>\n<p>Gerne passen wir die Show auf Ihre individuellen W\u00fcnsche an!<\/p>\n<p><a href=\"http:\/\/www.birgitlange.com\/freies_theater\/wp-content\/uploads\/2013\/05\/1795919_662063143831081_721656240_o.jpg\"><img decoding=\"async\" loading=\"lazy\" class=\"alignnone wp-image-445\" src=\"http:\/\/www.birgitlange.com\/freies_theater\/wp-content\/uploads\/2013\/05\/1795919_662063143831081_721656240_o.jpg\" alt=\"1795919_662063143831081_721656240_o\" width=\"590\" height=\"394\" srcset=\"http:\/\/www.birgitlange.com\/freies_theater\/wp-content\/uploads\/2013\/05\/1795919_662063143831081_721656240_o.jpg 2048w, http:\/\/www.birgitlange.com\/freies_theater\/wp-content\/uploads\/2013\/05\/1795919_662063143831081_721656240_o-300x200.jpg 300w, http:\/\/www.birgitlange.com\/freies_theater\/wp-content\/uploads\/2013\/05\/1795919_662063143831081_721656240_o-1024x683.jpg 1024w, http:\/\/www.birgitlange.com\/freies_theater\/wp-content\/uploads\/2013\/05\/1795919_662063143831081_721656240_o-310x206.jpg 310w, http:\/\/www.birgitlange.com\/freies_theater\/wp-content\/uploads\/2013\/05\/1795919_662063143831081_721656240_o-770x513.jpg 770w\" sizes=\"(max-width: 590px) 100vw, 590px\" \/><\/a><\/p>\n","protected":false},"excerpt":{"rendered":"","protected":false},"author":1,"featured_media":0,"parent":0,"menu_order":0,"comment_status":"closed","ping_status":"open","template":"","meta":[],"_links":{"self":[{"href":"http:\/\/www.birgitlange.com\/freies_theater\/wp-json\/wp\/v2\/pages\/76"}],"collection":[{"href":"http:\/\/www.birgitlange.com\/freies_theater\/wp-json\/wp\/v2\/pages"}],"about":[{"href":"http:\/\/www.birgitlange.com\/freies_theater\/wp-json\/wp\/v2\/types\/page"}],"author":[{"embeddable":true,"href":"http:\/\/www.birgitlange.com\/freies_theater\/wp-json\/wp\/v2\/users\/1"}],"replies":[{"embeddable":true,"href":"http:\/\/www.birgitlange.com\/freies_theater\/wp-json\/wp\/v2\/comments?post=76"}],"version-history":[{"count":11,"href":"http:\/\/www.birgitlange.com\/freies_theater\/wp-json\/wp\/v2\/pages\/76\/revisions"}],"predecessor-version":[{"id":765,"href":"http:\/\/www.birgitlange.com\/freies_theater\/wp-json\/wp\/v2\/pages\/76\/revisions\/765"}],"wp:attachment":[{"href":"http:\/\/www.birgitlange.com\/freies_theater\/wp-json\/wp\/v2\/media?parent=76"}],"curies":[{"name":"wp","href":"https:\/\/api.w.org\/{rel}","templated":true}]}}