{"id":714,"date":"2018-05-25T01:16:14","date_gmt":"2018-05-24T23:16:14","guid":{"rendered":"http:\/\/www.birgitlange.com\/freies_theater\/?page_id=714"},"modified":"2018-05-25T01:19:25","modified_gmt":"2018-05-24T23:19:25","slug":"datenschutzerklaerung-2","status":"publish","type":"page","link":"http:\/\/www.birgitlange.com\/freies_theater\/datenschutzerklaerung-2\/","title":{"rendered":"Datenschutzerkl\u00e4rung"},"content":{"rendered":"<h2>Wer wir sind<\/h2>\n<p>Wir sind das FREIE THEATER BREMEN.<\/p>\n<p>Die Adresse unserer Website ist: http:\/\/www.birgitlange.com\/freies_theater.<\/p>\n<h2>Welche personenbezogenen Daten wir sammeln und warum wir sie sammeln<\/h2>\n<h3>Kommentare und Cookies<\/h3>\n<p>Die Kommentarfunktion dieser Website ist nicht aktiviert. Auf dieser Website werden keinerlei Daten gespeichert oder gesammelt. Es ist nicht m\u00f6glich Kommentare zu hinterlassen oder fremde Inhalte zu erstellen. Diese Website dient der reinen Information \u00fcber die k\u00fcnstlerischen Aktivit\u00e4ten des FREIEN THEATER BREMEN. Demzufolge werden keinerlei Daten von Besuchern gespeichert.<\/p>\n<p>Wir verwenden keine Cookies.<\/p>\n<h2>Eingebettete Inhalte von anderen Websites<\/h2>\n<p>Beitr\u00e4ge auf dieser Website k\u00f6nnen eingebettete Inhalte beinhalten (z.\u00a0B. Videos, Bilder, Beitr\u00e4ge etc.). Eingebettete Inhalte von anderen Websites verhalten sich exakt so, als ob der Besucher die andere Website besucht h\u00e4tte.<\/p>\n<p>Diese Websites k\u00f6nnen Daten \u00fcber dich sammeln, Cookies benutzen, zus\u00e4tzliche Tracking-Dienste von Dritten einbetten und deine Interaktion mit diesem eingebetteten Inhalt aufzeichnen, inklusive deiner Interaktion mit dem eingebetteten Inhalt, falls du ein Konto hast und auf dieser Website angemeldet bist.<\/p>\n<h2>Deine Kontakt-Informationen<\/h2>\n<p>Birgit Corinna Lange, Heiligenbergstra\u00dfe 43, 28307 Bremen, Info@freiestheaterbremen.de, Tel: 0421 49 15 903<\/p>\n<h2>Weitere Informationen<\/h2>\n<p>Auf dieser Website werden keinerlei Daten gespeichert oder gesammelt. Es ist nicht m\u00f6glich Kommentare zu hinterlassen oder fremde Inhalte zu erstellen. Diese Website dient der reinen Information \u00fcber die k\u00fcnstlerischen Aktivit\u00e4ten des FREIEN THEATER BREMEN.<\/p>\n","protected":false},"excerpt":{"rendered":"","protected":false},"author":1,"featured_media":0,"parent":0,"menu_order":0,"comment_status":"closed","ping_status":"closed","template":"","meta":[],"_links":{"self":[{"href":"http:\/\/www.birgitlange.com\/freies_theater\/wp-json\/wp\/v2\/pages\/714"}],"collection":[{"href":"http:\/\/www.birgitlange.com\/freies_theater\/wp-json\/wp\/v2\/pages"}],"about":[{"href":"http:\/\/www.birgitlange.com\/freies_theater\/wp-json\/wp\/v2\/types\/page"}],"author":[{"embeddable":true,"href":"http:\/\/www.birgitlange.com\/freies_theater\/wp-json\/wp\/v2\/users\/1"}],"replies":[{"embeddable":true,"href":"http:\/\/www.birgitlange.com\/freies_theater\/wp-json\/wp\/v2\/comments?post=714"}],"version-history":[{"count":2,"href":"http:\/\/www.birgitlange.com\/freies_theater\/wp-json\/wp\/v2\/pages\/714\/revisions"}],"predecessor-version":[{"id":717,"href":"http:\/\/www.birgitlange.com\/freies_theater\/wp-json\/wp\/v2\/pages\/714\/revisions\/717"}],"wp:attachment":[{"href":"http:\/\/www.birgitlange.com\/freies_theater\/wp-json\/wp\/v2\/media?parent=714"}],"curies":[{"name":"wp","href":"https:\/\/api.w.org\/{rel}","templated":true}]}}