{"id":641,"date":"2016-11-28T20:40:39","date_gmt":"2016-11-28T18:40:39","guid":{"rendered":"http:\/\/www.birgitlange.com\/freies_theater\/?page_id=641"},"modified":"2018-12-10T11:51:24","modified_gmt":"2018-12-10T09:51:24","slug":"mystery-maerchen","status":"publish","type":"page","link":"http:\/\/www.birgitlange.com\/freies_theater\/mystery-maerchen\/","title":{"rendered":"Mystery M\u00e4rchen"},"content":{"rendered":"<p>Leitung und Inszenierung: Bico LaFrey<\/p>\n<p>Idee, Entwicklung und Text: Alle Sch\u00fcler und Bico<\/p>\n<p>&nbsp;<\/p>\n<p>Zum Inhalt:<\/p>\n<p>Durch eine defekte Trockenmaschine wird Nageldesignerin Anna in eine l\u00e4ngst vergangene M\u00e4rchenwelt katapultiert. Hier herrscht gro\u00dfe Unruhe im sonst beschaulichen Leben am Hofe. Prinzessin Katherine passt das streng geordnete Leben schon lange nicht mehr, ihr ist nach Abenteuern und dar\u00fcber streitet sie sich immer \u00f6fter mit ihrer Schwester Prinzessin Bella, die furchtbar gerne R\u00fcschenkleider tr\u00e4gt. Ob ihr bester Freund Schlumpf Kevin helfen kann? Zudem f\u00fchlt sich Bella zusehend vom Leibw\u00e4chter America gestalkt und alle sind genervt von den immer gleichen Hack-Kreationen des Kochs Robert. Die K\u00f6nigin ist \u00fcberfordert mit der Erziehung, zumal K\u00f6nig Franz wenig zur L\u00f6sung der Probleme beisteuert, und findet Trost im Fast-Food. Als dann noch eine Ratte in Roberts K\u00fcche auftaucht, \u00fcberschlagen sich die Ereignisse.<\/p>\n<p>Welches Geheimnis verbirgt Katherine und kann Anna dieses l\u00fcften? Wann taucht K\u00f6nig Franz endlich auf und greift durch? Findet Schlumpf Kevin seine wahre Berufung als DJ? Und wird Robert eines Tages doch noch ein Gericht ohne Hack kredenzen?<\/p>\n<p>Tauchen Sie mit uns ab in eine Welt voll skurriler Charaktere und Mysterien!<br \/>\nAm 11. Dezember 2016 pr\u00e4sentieren die Sch\u00fcler ihr selbstgeschriebenes Theaterst\u00fcck.<\/p>\n<p>Wo? Forum der KGS Kirchweye, Hauptstra\u00dfe 99, 28844 Kirchweyhe<\/p>\n<p>Beginn: 18 Uhr<\/p>\n<p>Die Auff\u00fchrung dauert ca. bis 20 Uhr. Es gibt eine Pause.<\/p>\n<p>Der Eintritt findet auf Spendenbasis statt. Es wird ein Hut herum gehen und wir bitten dann um gro\u00dfz\u00fcgige Spenden f\u00fcr unsere Arbeit!<\/p>\n<p>Herzlichen Dank und viel Vergn\u00fcgen!<\/p>\n<p>Eure\/ Ihre Bico<\/p>\n","protected":false},"excerpt":{"rendered":"","protected":false},"author":1,"featured_media":0,"parent":0,"menu_order":0,"comment_status":"closed","ping_status":"closed","template":"","meta":[],"_links":{"self":[{"href":"http:\/\/www.birgitlange.com\/freies_theater\/wp-json\/wp\/v2\/pages\/641"}],"collection":[{"href":"http:\/\/www.birgitlange.com\/freies_theater\/wp-json\/wp\/v2\/pages"}],"about":[{"href":"http:\/\/www.birgitlange.com\/freies_theater\/wp-json\/wp\/v2\/types\/page"}],"author":[{"embeddable":true,"href":"http:\/\/www.birgitlange.com\/freies_theater\/wp-json\/wp\/v2\/users\/1"}],"replies":[{"embeddable":true,"href":"http:\/\/www.birgitlange.com\/freies_theater\/wp-json\/wp\/v2\/comments?post=641"}],"version-history":[{"count":4,"href":"http:\/\/www.birgitlange.com\/freies_theater\/wp-json\/wp\/v2\/pages\/641\/revisions"}],"predecessor-version":[{"id":767,"href":"http:\/\/www.birgitlange.com\/freies_theater\/wp-json\/wp\/v2\/pages\/641\/revisions\/767"}],"wp:attachment":[{"href":"http:\/\/www.birgitlange.com\/freies_theater\/wp-json\/wp\/v2\/media?parent=641"}],"curies":[{"name":"wp","href":"https:\/\/api.w.org\/{rel}","templated":true}]}}