{"id":629,"date":"2016-11-28T20:16:55","date_gmt":"2016-11-28T18:16:55","guid":{"rendered":"http:\/\/www.birgitlange.com\/freies_theater\/?page_id=629"},"modified":"2025-04-01T07:17:23","modified_gmt":"2025-04-01T05:17:23","slug":"schauspielunterricht","status":"publish","type":"page","link":"http:\/\/www.birgitlange.com\/freies_theater\/schauspielunterricht\/","title":{"rendered":"Schauspielunterricht"},"content":{"rendered":"<p>Wir bieten Schauspielunterricht\/ Projektarbeit f\u00fcr Kinder ab 10 Jahren, Jugendliche und Erwachsene.<\/p>\n<p>Der Unterricht umfasst K\u00f6rper- und Stimm\u00fcbungen, Imaginations\u00fcbungen, Entspannungstechniken, Rollen- und Szenenarbeit und Improvisation. Au\u00dferdem lernen die Sch\u00fcler eigene Szene zu schreiben, die sp\u00e4ter zu ganzen Theaterst\u00fccken heran reifen. Ebenso widmen wir uns auch der Kamera-Arbeit und drehen eigene Kurzfilme.<\/p>\n<p>Ab 2025\/ 26 findet der Gruppen-Unterricht f\u00fcr Kinder und Jugendliche (10-17 Jahre) in Form von Projektarbeit statt. Anmeldung und Teilnahme ist dann f\u00fcr das jeweilige Projekt m\u00f6glich. Die Projekte dauern jeweils 3-4 Monate und enden mit einer Pr\u00e4sentation. Der Unterricht findet Donnerstags statt.<\/p>\n<p>Projekt 1, Zeitraum Oktober, November, Dezember 2025, Donnerstags 17:15 -19 Uhr (Improtheater-Projekt), Teilnahmegeb\u00fchr: 230\u20ac (Startet am 2. Oktober, Abschlusspr\u00e4sentation am 18. Dezember. Anmeldung ab sofort m\u00f6glich!)<\/p>\n<p>Projekt 2, Zeitraum Januar, Februar, M\u00e4rz, April 2026, Donnerstags 17:15-19:15 (Film-Projekt), Teilnahmegeb\u00fchr: 450\u20ac (Startet am 8. Januar, Voranmeldung schon m\u00f6glich!)<\/p>\n<p>Die Projektarbeit findet voraussichtlich in Bremen, Obervieland statt.<\/p>\n<p>Voranmeldung f\u00fcr das jeweilige Projekt ab sofort m\u00f6glich. Dazu einfach eine Mail mit folgenden Infos: Name und Alter des Kindes\/ der Jugendlichen, evt. Vorerfahrung, Telefonnummer des Erziehungsberechtigten, Wunschprojekt. Mail an info@freiestheaterbremen.de<\/p>\n<p>Bico LaFrey ist seit \u00fcber 20 Jahren als Schauspieldozentin t\u00e4tig, seit 15 Jahren auch in der Arbeit mit Kindern und Jugendlichen. Sie steht auch f\u00fcr Projektarbeit an Schulen, Vereinen oder \u00e4hnlichen Einrichtungen zur Verf\u00fcgung. Schreiben Sie uns einfach oder rufen Sie uns an! info@freiestheaterbremen.de oder 0163\/ 704 60 83<\/p>\n<p>Einzelunterricht (ab 16 Jahren) f\u00fcr Anf\u00e4nger, Fortgeschrittene und Profis nach Absprache. Vorbereitung auf Aufnahmepr\u00fcfungen, Vorsprechen, Castings, Kameracoaching, etc. Auch bieten wir K\u00f6rper-, Sprach- und Pr\u00e4senztraining f\u00fcr Gesch\u00e4ftsleute an. Dieses kann individuell abgestimmt werden. Der Einzelunterricht findet nach Absprache in einem sch\u00f6nen, hellen Raum im Peterswerder statt.<\/p>\n<p>Preise f\u00fcr den Einzelunterricht bitte per Mail erfragen!<\/p>\n<p>Interesse? Mail an info@freiestheaterbremen.de<\/p>\n<p>*<\/p>\n<p>Vergangene Auff\u00fchrungen\/ Projekte mit Kindern und Jugendlichen:<\/p>\n<p>12. und 13. April 2024 &#8222;Im Bann von Richard&#8220; (Theaterst\u00fcck mit Jugendlichen, Kooperation mit Freie Waldorfschule Bremen Osterholz)<\/p>\n<p>25. und 26.6. 2022 &#8222;Das magische Notenheft&#8220; (Musikalisches M\u00e4rchen mit Kindern, Kooperation mit OsterSTREICHh\u00f6lzer Bremen)<\/p>\n<p>1. Dezember 2022, 18 Uhr, &#8222;Das Familienfest&#8220; (Theaterst\u00fcck mit Jugendlichen), Gemeinschaftszentrum Obervieland, Alfred-Faust-Stra\u00dfe 4, Bremen (Eintritt frei, Spenden erbeten!)<\/p>\n<p>2. September 2022 Teampremiere &#8222;Insider versus Outsider&#8220; (Kurzfilm mit Kindern) <a href=\"https:\/\/youtu.be\/jdcPqoztOsg?si=oZyTIYtTBIt_Ielt\" target=\"_blank\" rel=\"noopener\">TRAILER HIER <\/a>und &#8222;Connected&#8220; (Kurzfilm mit Jugendlichen und jungen Erwachsenen), Gemeinschaftszentrum Obervieland (Saal), Bremen<\/p>\n<p>2018 &#8222;Bunte Weihnachtsshow f\u00fcr Alle&#8220; (Theaterst\u00fcck mit Kindern), Gemeinschaftszentrum Obervieland (Saal), Bremen. <a href=\"https:\/\/www.facebook.com\/events\/1037249286447684\/\" target=\"_blank\" rel=\"noopener\">KLICK HIER ZUR VERANSTALTUNG!<\/a><\/p>\n<p>2018: &#8222;Insider versus Outsider&#8220; (Filmprojekt mit Kindern), Entwicklung, Proben und Dreharbeiten in Weyhe<\/p>\n<p>2018: &#8222;Der ultimative Putzlappen&#8220; (szenische Collage mit Jugendlichen 12-15), Weyhe<\/p>\n<p>2018: &#8222;Der kaputte Laptop&#8220; (Kurzfilmprojekt mit Jugendlichen), Weyhe<\/p>\n<p>2017: &#8222;Szenen und Impro&#8220; (mit Jugendlichen 12-15), Integralis Bremen<\/p>\n<p>2017: &#8222;Osterst\u00fcck&#8220; (Theaterst\u00fcck mit Kindern 8-11), Rothaus Weyhe<\/p>\n<p>2016: <strong><a href=\"http:\/\/www.birgitlange.com\/freies_theater\/?page_id=641\" target=\"_blank\" rel=\"noopener\">&#8222;Mystery M\u00e4rchen&#8220; (Theaterst\u00fcck mit Jugendlichen 12-15)<\/a><\/strong>, KGS Kirchweye (\u00f6ffentliche Auff\u00fchrung)<\/p>\n<p>2016: <strong>&#8222;Weihnachten in Gefahr&#8220; (Theaterst\u00fcck mit Kindern 8-11)<\/strong>, Musikschule Rothaus<\/p>\n<p>2016: <strong>&#8222;Szenen&#8220; (Szenische Collage mit Jugendlichen 12-15)<\/strong>, Integralis Bremen<\/p>\n<p>2016: <span style=\"color: #008000;\"><a style=\"color: #008000;\" href=\"http:\/\/www.birgitlange.com\/freies_theater\/?page_id=641\" target=\"_blank\" rel=\"noopener\">&#8222;Mystery M\u00e4rchen Preview&#8220; (Theater mit Jugendlichen), Rothaus Weyhe\/ FTB<\/a><\/span><\/p>\n<p>2016: &#8222;Das Familienfest&#8220; (Theater mit Jugendlichen), Task\/ FTB<\/p>\n<p>2016: &#8222;Mord im Altenheim&#8220; (Theater mit Kindern) , Task\/ FTB<\/p>\n<p>2016: &#8222;Der Raub des Tempeldiamanten&#8220; (Theater mit Kindern), Rothaus Weyhe\/ FTB<\/p>\n<p>2015\/16: &#8222;Fabelwesen sind auch nur Menschen&#8220; (Theater mit Jugendlichen), Task\/ FTB-Koproduktion<\/p>\n<p>2015: &#8222;Dicki und der Zauberstab&#8220; (Theaterst\u00fcck mit Kindern), Rothaus Weyhe\/ FTB<\/p>\n<p>2015: &#8222;Romeo und Julia Reloaded&#8220; (Szenen mit Jugendlichen), Task\/ FTB-Koproduktion<\/p>\n<p>2014: &#8222;Chaos im K\u00f6nigreich&#8220; (Theaterst\u00fcck mit Jugendlichen), Task\/FTB-Koproduktion<\/p>\n","protected":false},"excerpt":{"rendered":"","protected":false},"author":1,"featured_media":0,"parent":0,"menu_order":0,"comment_status":"closed","ping_status":"closed","template":"","meta":[],"_links":{"self":[{"href":"http:\/\/www.birgitlange.com\/freies_theater\/wp-json\/wp\/v2\/pages\/629"}],"collection":[{"href":"http:\/\/www.birgitlange.com\/freies_theater\/wp-json\/wp\/v2\/pages"}],"about":[{"href":"http:\/\/www.birgitlange.com\/freies_theater\/wp-json\/wp\/v2\/types\/page"}],"author":[{"embeddable":true,"href":"http:\/\/www.birgitlange.com\/freies_theater\/wp-json\/wp\/v2\/users\/1"}],"replies":[{"embeddable":true,"href":"http:\/\/www.birgitlange.com\/freies_theater\/wp-json\/wp\/v2\/comments?post=629"}],"version-history":[{"count":33,"href":"http:\/\/www.birgitlange.com\/freies_theater\/wp-json\/wp\/v2\/pages\/629\/revisions"}],"predecessor-version":[{"id":880,"href":"http:\/\/www.birgitlange.com\/freies_theater\/wp-json\/wp\/v2\/pages\/629\/revisions\/880"}],"wp:attachment":[{"href":"http:\/\/www.birgitlange.com\/freies_theater\/wp-json\/wp\/v2\/media?parent=629"}],"curies":[{"name":"wp","href":"https:\/\/api.w.org\/{rel}","templated":true}]}}