{"id":604,"date":"2016-11-15T10:44:44","date_gmt":"2016-11-15T08:44:44","guid":{"rendered":"http:\/\/www.birgitlange.com\/freies_theater\/?page_id=604"},"modified":"2018-12-10T12:05:12","modified_gmt":"2018-12-10T10:05:12","slug":"hochzeitsgesang","status":"publish","type":"page","link":"http:\/\/www.birgitlange.com\/freies_theater\/hochzeitsgesang\/","title":{"rendered":"Hochzeitsgesang"},"content":{"rendered":"<h4><span style=\"color: #800080;\">Gesang f\u00fcr Hochzeiten und besondere Anl\u00e4sse. <\/span><br \/>\n<span style=\"color: #800080;\">Trauergesang.<\/span><\/h4>\n<p>&nbsp;<\/p>\n<h3><span style=\"color: #993366;\">&#8222;Wenn der Gesang der Liebe Nahrung ist, so singet weiter!&#8220; (frei nach Shakespeare)<\/span><\/h3>\n<p>Bico LaFrey ist klassisch ausgebildete Sopranistin (Hamburg, Bremen, New York City) mit 15-j\u00e4hriger B\u00fchnenerfahrung.<br \/>\nIhre m\u00f6glichen Stilrichtungen umfassen: Klassik (Oper, Operette, Lied), Pop, Chanson, Musical und Cross-Over.<br \/>\nSie besitzt ein breites Repertoire, auch Wunschlieder sind m\u00f6glich. (Deutsch, Englisch, Franz\u00f6sisch, Italienisch, etc.)<br \/>\nDie Begleitung erfolgt mit professionellen Playbacks, Klavier (Fl\u00fcgel) oder Orgel. (Nach Absprache)<br \/>\nFrau Lange ist ebenfalls Diplom-Schauspielerin und tritt bundesweit mit Solo-Liederabenden auf, was sich besonders in der Ausgestaltung ihrer Darbietung und ihrer Vortragssicherheit bemerkbar macht.<br \/>\nGerne ber\u00e4t Frau Lange sie bei der Liedauswahl.<br \/>\nOb in der Kirche, beim Empfang oder bei einer freien Trauung- Frau LaFreys Gesang ist das Sahneh\u00e4ubchen f\u00fcr Ihren besonderen Tag.<\/p>\n<h3><span style=\"color: #993366;\">&#8222;Es w\u00e4re mir eine gro\u00dfe Freude und Ehre, den sch\u00f6nsten Tag Ihres Lebens, mit meinem Gesang noch ein klein wenig sch\u00f6ner machen zu d\u00fcrfen!&#8220;<\/span><\/h3>\n<p>Buchungsanfragen und unverbindliche Beratung: info@birgitlange.com oder 0421\/ 4915903 (Bitte mit Kontaktdaten auf AB sprechen! Ich ruf zur\u00fcck!)<\/p>\n<p><iframe loading=\"lazy\" src=\"\/\/www.youtube.com\/embed\/MNaNgpmDV3Y\" width=\"560\" height=\"315\" frameborder=\"0\" allowfullscreen=\"allowfullscreen\"><\/iframe><\/p>\n<p>(Gesangsbeispiel Chanson)<\/p>\n<p><iframe loading=\"lazy\" src=\"\/\/www.youtube.com\/embed\/PtKrgA1HdZk\" width=\"560\" height=\"315\" frameborder=\"0\" allowfullscreen=\"allowfullscreen\"><\/iframe><\/p>\n<p>(Gesangsbeispiele Klassik)<\/p>\n<p>&nbsp;<\/p>\n<h4>Unter <a href=\"http:\/\/www.birgitlange.com\/bl_homepage\/demo_audio.html\" target=\"_blank\" rel=\"noopener\"><span style=\"color: #800080;\">diesem Link<\/span><\/a> finden Sie noch einige weitere klassische Arien von Puccini, Verdi, Mozart, Dvorak, Bernstein und Giordano.<\/h4>\n<h3><span style=\"color: #993366;\">*<\/span><\/h3>\n<h4><span style=\"color: #800080;\"><strong>Referenzen:<\/strong><\/span><\/h4>\n<h3><strong><span style=\"color: #993366;\">&#8222;Liebe Frau LaFrey, von ganzem Herzen m\u00f6chten wir Ihnen danken! Ihr Gesang war wunderbar und hat unsere Trauung zu etwas ganz besonderem gemacht! Tausend Dank!&#8220; (Ehepaar Zachries, Trauung im Bremer Dom)<\/span><\/strong><\/h3>\n<h4><\/h4>\n<p>&nbsp;<\/p>\n<p>&nbsp;<\/p>\n","protected":false},"excerpt":{"rendered":"","protected":false},"author":1,"featured_media":0,"parent":0,"menu_order":8,"comment_status":"closed","ping_status":"closed","template":"","meta":[],"_links":{"self":[{"href":"http:\/\/www.birgitlange.com\/freies_theater\/wp-json\/wp\/v2\/pages\/604"}],"collection":[{"href":"http:\/\/www.birgitlange.com\/freies_theater\/wp-json\/wp\/v2\/pages"}],"about":[{"href":"http:\/\/www.birgitlange.com\/freies_theater\/wp-json\/wp\/v2\/types\/page"}],"author":[{"embeddable":true,"href":"http:\/\/www.birgitlange.com\/freies_theater\/wp-json\/wp\/v2\/users\/1"}],"replies":[{"embeddable":true,"href":"http:\/\/www.birgitlange.com\/freies_theater\/wp-json\/wp\/v2\/comments?post=604"}],"version-history":[{"count":33,"href":"http:\/\/www.birgitlange.com\/freies_theater\/wp-json\/wp\/v2\/pages\/604\/revisions"}],"predecessor-version":[{"id":774,"href":"http:\/\/www.birgitlange.com\/freies_theater\/wp-json\/wp\/v2\/pages\/604\/revisions\/774"}],"wp:attachment":[{"href":"http:\/\/www.birgitlange.com\/freies_theater\/wp-json\/wp\/v2\/media?parent=604"}],"curies":[{"name":"wp","href":"https:\/\/api.w.org\/{rel}","templated":true}]}}