{"id":393,"date":"2015-06-15T06:04:16","date_gmt":"2015-06-15T04:04:16","guid":{"rendered":"http:\/\/www.birgitlange.com\/freies_theater\/?page_id=393"},"modified":"2018-12-10T11:45:21","modified_gmt":"2018-12-10T09:45:21","slug":"bei-weihnachtsmanns-zuhause","status":"publish","type":"page","link":"http:\/\/www.birgitlange.com\/freies_theater\/bei-weihnachtsmanns-zuhause\/","title":{"rendered":"Bei Weihnachtsmanns Zuhause"},"content":{"rendered":"<p><span style=\"font-size: medium;\">Das Freie Theater Bremen widmet sich dem sch\u00f6nsten aller Familienfeste, dem mit dem gr\u00f6\u00dften Katastrophenpotential: Weihnachten!<\/span><\/p>\n<p>*<br \/>\n<span style=\"font-size: medium;\"> Wir laden sie ein in die gute Stube von Santa Klausi, Erzengel Gabriella und ihrem Hausrentier Rudolpho. Alle drei wurden (wie jedes Jahr) v\u00f6llig unerwartet vom bevorstehenden Fest getroffen und versuchen nun mit gr\u00f6\u00dftm\u00f6glicher Besinnlichkeit Herr(in) der chaotischen Lage zu werden. W\u00e4hrend Gabriella v\u00f6llig \u00fcberfordert ist mit Kekse backen, Weihnachtslieder einstudieren und den Baum schm\u00fccken (Sie m\u00f6chte dieses Jahr endlich mal wieder mehr Lametta!), hat Klausi seine liebe Not mit den Wunschlisten der Kinder und wei\u00df \u00fcberdies nicht, in welcher Mottenkiste er seinen Weihnachtsmantel im letzten Jahr verstaut hat. Rudolpho dagegen ist entspannt- er befindet sich im Tarifstreik und es ist noch nicht absehbar, ob er sich zur Lesung \u00fcberhaupt die Ehre geben wird.<\/span><\/p>\n<p>*<br \/>\n<span style=\"font-size: medium;\"> Es erwarten Sie alte und neue Texte, bekannte und fremde, Lustiges und Besinnliches. Lauschen Sie uns, singen Sie ein wenig mit uns und entfliehen Sie f\u00fcr kurze Zeit dem vorweihnachtlichen Wahnsinn!<\/span><br \/>\n<span style=\"font-size: medium;\"> Klausi, Gabriella und Rudolpho z\u00e4hlen auf Sie!<\/span><\/p>\n<p><iframe loading=\"lazy\" src=\"http:\/\/www.youtube.com\/embed\/lw-BhCcefog\" width=\"425\" height=\"350\" frameborder=\"0\"><\/iframe><\/p>\n<p><span style=\"font-size: medium;\">Es lesen und singen f\u00fcr Sie: Bico LaFrey und Martin Gresselmeyer<\/span><br \/>\n<span style=\"font-size: medium;\"> Eine Produktion des Freien Theaters Bremen<\/span><br \/>\n<span style=\"font-size: medium;\"> Idee und k\u00fcnstlerische Leitung: Bico LaFrey<br \/>\n<\/span><\/p>\n<p>&nbsp;<\/p>\n<p><a href=\"http:\/\/www.birgitlange.com\/freies_theater\/wp-content\/uploads\/2015\/06\/10885473_10152578368601243_797997053794296510_n1.jpg\"><img decoding=\"async\" loading=\"lazy\" class=\"alignnone wp-image-394\" src=\"http:\/\/www.birgitlange.com\/freies_theater\/wp-content\/uploads\/2015\/06\/10885473_10152578368601243_797997053794296510_n1.jpg\" alt=\"10885473_10152578368601243_797997053794296510_n(1)\" width=\"578\" height=\"770\" srcset=\"http:\/\/www.birgitlange.com\/freies_theater\/wp-content\/uploads\/2015\/06\/10885473_10152578368601243_797997053794296510_n1.jpg 720w, http:\/\/www.birgitlange.com\/freies_theater\/wp-content\/uploads\/2015\/06\/10885473_10152578368601243_797997053794296510_n1-225x300.jpg 225w, http:\/\/www.birgitlange.com\/freies_theater\/wp-content\/uploads\/2015\/06\/10885473_10152578368601243_797997053794296510_n1-310x413.jpg 310w\" sizes=\"(max-width: 578px) 100vw, 578px\" \/><\/a><\/p>\n","protected":false},"excerpt":{"rendered":"","protected":false},"author":1,"featured_media":0,"parent":0,"menu_order":0,"comment_status":"closed","ping_status":"closed","template":"","meta":[],"_links":{"self":[{"href":"http:\/\/www.birgitlange.com\/freies_theater\/wp-json\/wp\/v2\/pages\/393"}],"collection":[{"href":"http:\/\/www.birgitlange.com\/freies_theater\/wp-json\/wp\/v2\/pages"}],"about":[{"href":"http:\/\/www.birgitlange.com\/freies_theater\/wp-json\/wp\/v2\/types\/page"}],"author":[{"embeddable":true,"href":"http:\/\/www.birgitlange.com\/freies_theater\/wp-json\/wp\/v2\/users\/1"}],"replies":[{"embeddable":true,"href":"http:\/\/www.birgitlange.com\/freies_theater\/wp-json\/wp\/v2\/comments?post=393"}],"version-history":[{"count":9,"href":"http:\/\/www.birgitlange.com\/freies_theater\/wp-json\/wp\/v2\/pages\/393\/revisions"}],"predecessor-version":[{"id":758,"href":"http:\/\/www.birgitlange.com\/freies_theater\/wp-json\/wp\/v2\/pages\/393\/revisions\/758"}],"wp:attachment":[{"href":"http:\/\/www.birgitlange.com\/freies_theater\/wp-json\/wp\/v2\/media?parent=393"}],"curies":[{"name":"wp","href":"https:\/\/api.w.org\/{rel}","templated":true}]}}