{"id":336,"date":"2014-03-05T05:53:40","date_gmt":"2014-03-05T03:53:40","guid":{"rendered":"http:\/\/www.birgitlange.com\/freies_theater\/?page_id=336"},"modified":"2018-12-10T12:01:33","modified_gmt":"2018-12-10T10:01:33","slug":"zuhause","status":"publish","type":"page","link":"http:\/\/www.birgitlange.com\/freies_theater\/zuhause\/","title":{"rendered":"Zuhause"},"content":{"rendered":"<p><span style=\"font-size: medium;\">Eine Koproduktion von<\/span><br \/>\n<span style=\"font-size: medium;\"> <a href=\"http:\/\/theaterspielorteev.blogspot.de\/\" target=\"_blank\" rel=\"noopener\">Theater Spielorte e.V.<\/a> und Freies Theater Bremen.<\/span><\/p>\n<p><span style=\"font-size: medium;\">Wenn sich die Wohnungst\u00fcr schlie\u00dft sind wir privat. Dann gestatten wir uns einen eigenen \u201eDresscode\u201c, verbringen so viel Zeit in der \u201eBadewanne\u201c wie wir wollen. In den eigenen vier W\u00e4nden tobt allerdings auch der Wahnsinn in uns, und wir stellen uns der alles ver\u00e4ndernden Frage: Wohin mit der eigenen Leiche? Ein Textmarathon \u00fcber wackelige Existenzen in renovierungsbed\u00fcrftigen Innenr\u00e4umen gespickt mit gef\u00fchlsbetonten Rohrbr\u00fcchen.<\/span><\/p>\n<p><iframe loading=\"lazy\" src=\"http:\/\/www.youtube.com\/embed\/h7qUDrRWqRY\" width=\"425\" height=\"350\" frameborder=\"0\"><\/iframe><\/p>\n<p><span style=\"font-size: medium;\">In den vier Monologen aus der Sammlung von Ingrid Lausund \u201eBin nebenan\u201c spielen Bico LaFrey (Freies Theater Bremen) und Friedo Stucke (Theater Spielorte e.V.) die Auswahl: Fernseher, Badezimmer, Globus und Grundst\u00fcck. Vier eigenwillige, skurrile, gebrochene Charaktere in ihrem privaten Umfeld. Die sehr unterschiedlichen Typen plaudern aus ihrem Inneren und gestatten sich all das was gesch\u00fctzt hinter herunter gelassenen Rollos und verschlossenen T\u00fcren passieren darf.<\/span><\/p>\n<p><a href=\"http:\/\/www.birgitlange.com\/freies_theater\/wp-content\/uploads\/2014\/03\/P10009761.jpg\"><img decoding=\"async\" loading=\"lazy\" class=\"wp-image-338 alignleft\" src=\"http:\/\/www.birgitlange.com\/freies_theater\/wp-content\/uploads\/2014\/03\/P10009761.jpg\" alt=\"P1000976\" width=\"714\" height=\"476\" \/><\/a><strong><span style=\"font-size: small;\">(Bico LaFrey in &#8222;Globus&#8220;)<\/span><\/strong><\/p>\n<p><a href=\"http:\/\/www.birgitlange.com\/freies_theater\/wp-content\/uploads\/2014\/03\/P1000070.jpg\"><img decoding=\"async\" class=\"alignnone size-full wp-image-346\" src=\"http:\/\/www.birgitlange.com\/freies_theater\/wp-content\/uploads\/2014\/03\/P1000070.jpg\" alt=\"P1000070\" \/><\/a><strong><span style=\"font-size: small;\">(Friedo Stucke in &#8222;Fernseher&#8220;)<\/span><\/strong><\/p>\n<p><a href=\"http:\/\/www.birgitlange.com\/freies_theater\/wp-content\/uploads\/2014\/03\/P1000749.jpg\"><img decoding=\"async\" class=\"alignnone size-full wp-image-339\" src=\"http:\/\/www.birgitlange.com\/freies_theater\/wp-content\/uploads\/2014\/03\/P1000749.jpg\" alt=\"P1000749\" \/><\/a><strong><span style=\"font-size: small;\">(Bico LaFrey in &#8222;Badezimmer&#8220;)<\/span><\/strong><\/p>\n<p><a href=\"http:\/\/www.birgitlange.com\/freies_theater\/wp-content\/uploads\/2014\/03\/P1010129.jpg\"><img decoding=\"async\" class=\"alignnone size-full wp-image-352\" src=\"http:\/\/www.birgitlange.com\/freies_theater\/wp-content\/uploads\/2014\/03\/P1010129.jpg\" alt=\"P1010129\" \/><\/a><strong><span style=\"font-size: small;\">(Friedo Stucke in &#8222;Grundst\u00fcck&#8220;)<\/span><\/strong><\/p>\n<p style=\"text-align: right;\"><span style=\"font-size: x-small;\">(Alle Photos und Video @ Kai Kowalewski)<\/span><\/p>\n<p>&nbsp;<\/p>\n<p>&nbsp;<\/p>\n","protected":false},"excerpt":{"rendered":"","protected":false},"author":1,"featured_media":0,"parent":0,"menu_order":0,"comment_status":"closed","ping_status":"closed","template":"","meta":[],"_links":{"self":[{"href":"http:\/\/www.birgitlange.com\/freies_theater\/wp-json\/wp\/v2\/pages\/336"}],"collection":[{"href":"http:\/\/www.birgitlange.com\/freies_theater\/wp-json\/wp\/v2\/pages"}],"about":[{"href":"http:\/\/www.birgitlange.com\/freies_theater\/wp-json\/wp\/v2\/types\/page"}],"author":[{"embeddable":true,"href":"http:\/\/www.birgitlange.com\/freies_theater\/wp-json\/wp\/v2\/users\/1"}],"replies":[{"embeddable":true,"href":"http:\/\/www.birgitlange.com\/freies_theater\/wp-json\/wp\/v2\/comments?post=336"}],"version-history":[{"count":19,"href":"http:\/\/www.birgitlange.com\/freies_theater\/wp-json\/wp\/v2\/pages\/336\/revisions"}],"predecessor-version":[{"id":772,"href":"http:\/\/www.birgitlange.com\/freies_theater\/wp-json\/wp\/v2\/pages\/336\/revisions\/772"}],"wp:attachment":[{"href":"http:\/\/www.birgitlange.com\/freies_theater\/wp-json\/wp\/v2\/media?parent=336"}],"curies":[{"name":"wp","href":"https:\/\/api.w.org\/{rel}","templated":true}]}}