{"id":31,"date":"2013-05-13T17:51:54","date_gmt":"2013-05-13T15:51:54","guid":{"rendered":"http:\/\/www.birgitlange.com\/freies_theater\/?page_id=31"},"modified":"2020-05-05T06:08:24","modified_gmt":"2020-05-05T04:08:24","slug":"news","status":"publish","type":"page","link":"http:\/\/www.birgitlange.com\/freies_theater\/news\/","title":{"rendered":"News"},"content":{"rendered":"<p><span style=\"font-size: medium; color: #993366;\"><strong>NEWS:<\/strong> Wir m\u00f6chten an dieser Stelle auf das Projekt &#8222;Leaving my Hat on&#8220; hinweisen.<\/span><\/p>\n<p><span style=\"font-size: medium; color: #993366;\">Auf <span style=\"text-decoration: underline;\"><a href=\"https:\/\/www.youtube.com\/channel\/UC6fVT0obg-osuDe3AFH94nA\" target=\"_blank\" rel=\"noopener\"><span style=\"color: #993366; text-decoration: underline;\">diesem youtube-Kanal<\/span><\/a><\/span> gibt es ab sofort in unregelm\u00e4\u00dfigen Abst\u00e4nden frische Texte.<\/span><br \/>\n<span style=\"font-size: medium; color: #993366;\"> Ehrlich, unverbl\u00fcmt, manchmal radikal, nachdenklich, anders.<\/span><br \/>\n<span style=\"font-size: medium; color: #993366;\"> Nackte Tatsachen.<\/span><br \/>\n<span style=\"font-size: medium; color: #993366;\"> Aber der Hut bleibt auf!<\/span><\/p>\n<p><span style=\"font-size: medium;\"><span style=\"color: #993366;\">Schauen Sie mal rein \ud83d\ude09<\/span><br \/>\n<\/span><\/p>\n<p><span style=\"font-size: medium; color: #993366;\">1. Folge vom 10.6.2015: &#8222;Go where you are celebrated, not where you are tolerated&#8220; (Pl\u00e4doyer f\u00fcr mehr ICH)<\/span><\/p>\n<p><iframe loading=\"lazy\" src=\"http:\/\/www.youtube.com\/embed\/AgxY50Vpl5Y\" width=\"425\" height=\"350\" frameborder=\"0\"><\/iframe><\/p>\n<p><span style=\"font-size: medium; color: #993366;\">2. Folge vom 17.6.2015: &#8222;Mit aller Macht&#8220;<\/span><\/p>\n<p><iframe loading=\"lazy\" src=\"http:\/\/www.youtube.com\/embed\/OOrMGVb5RZc\" width=\"425\" height=\"350\" frameborder=\"0\"><\/iframe><\/p>\n<p><span style=\"font-size: medium; color: #993366;\">3. Folge vom 27.6.2015: &#8222;Ausstieg vom Aufstieg&#8220;<\/span><\/p>\n<p><iframe loading=\"lazy\" src=\"http:\/\/www.youtube.com\/embed\/-ZdNP9PHlpg\" width=\"425\" height=\"350\" frameborder=\"0\"><\/iframe><\/p>\n<p><span style=\"font-size: medium; color: #993366;\">4. Folge vom 14.7.2015: &#8222;Lost and Found&#8220;<\/span><\/p>\n<p><iframe loading=\"lazy\" src=\"http:\/\/www.youtube.com\/embed\/QkXT6GhTUoQ\" width=\"425\" height=\"350\" frameborder=\"0\"><\/iframe><\/p>\n<p><span style=\"font-size: medium; color: #993366;\">5. Folge vom 22.7.2015: &#8222;Der perfekte Moment&#8220;<\/span><\/p>\n<p><iframe loading=\"lazy\" src=\"http:\/\/www.youtube.com\/embed\/wVrZjM1Y07E\" width=\"425\" height=\"350\" frameborder=\"0\"><\/iframe><\/p>\n<p><span style=\"font-size: medium; color: #993300;\">6. Folge vom 7.9.2015: &#8222;Zeit der Tat&#8220;<\/span><\/p>\n<p><iframe loading=\"lazy\" src=\"http:\/\/www.youtube.com\/embed\/-o9zywdBijg\" width=\"425\" height=\"350\" frameborder=\"0\"><\/iframe><\/p>\n<p><span style=\"font-size: 12pt; color: #993300;\">7. Folge vom 24.12.2015: &#8222;Das Samenkorn der Liebe&#8220;<\/span><\/p>\n<p><iframe loading=\"lazy\" src=\"https:\/\/www.youtube.com\/embed\/4VI-vX1fi6U\" width=\"420\" height=\"315\" frameborder=\"0\" allowfullscreen=\"allowfullscreen\"><\/iframe><\/p>\n<h4><span style=\"color: #008000;\">8. Folge vom 20.04.2016: &#8222;Dein Leben als Apfelbaum&#8220;<\/span><\/h4>\n<p><iframe loading=\"lazy\" src=\"\/\/www.youtube.com\/embed\/cdOjw5uIGwQ\" width=\"425\" height=\"350\" allowfullscreen=\"allowfullscreen\"><\/iframe><\/p>\n<h4>9. Folge vom 06.05.2017: &#8222;Du bist das Werk&#8220;<\/h4>\n<p><iframe loading=\"lazy\" src=\"\/\/www.youtube.com\/embed\/6EZsaiwFGnk\" width=\"560\" height=\"314\" allowfullscreen=\"allowfullscreen\"><\/iframe><\/p>\n<p><span style=\"font-size: large; color: #800000;\">News II: <\/span><\/p>\n<p><span style=\"font-size: large; color: #800000;\">F\u00fcr unsere Reihe TUMuLT suchen wir in 2021 einen neuen Kooperationspartner, sprich eine Spielst\u00e4tte!<\/span><\/p>\n<p><span style=\"font-size: large; color: #800000;\">Leider konnte die Reihe aus organisatorischen Gr\u00fcnden nicht im Depot 44 weitergef\u00fchrt werden. Wir bedauern das sehr, aber blicken nach vorne. Wer hat Lust und Platz zu einem festen Termin (es muss kein Samstag sein!) einmal im Monat unser Gastgeber zu sein? M\u00f6glich w\u00e4re ein Raum (ob mit oder ohne B\u00fchne), der zwischen 20 und 50 Zuschauer beherbergen kann, gerne eine besondere Spielst\u00e4tte; es muss KEIN Theater im klassischen Sinne sein! Bewerbungen, Ideen, Vorschl\u00e4ge, Anregungen nehmen wir sehr gerne und dankbar unter info@freiestheaterbremen.de entgegen! <\/span><\/p>\n<p>Hier eine \u00dcbersicht \u00fcber die Idee zur Reihe und die vergangenen Shows!<\/p>\n<p><span style=\"font-size: large; color: #800000;\">Freies Theater Bremen und Depot 44<\/span><br \/>\n<span style=\"font-size: large; color: #800000;\"> pr\u00e4sentieren: <strong>TUMuLT<\/strong>!<\/span><br \/>\n<span style=\"font-size: large; color: #800000;\"> Die neue Veranstaltungsreihe im Herzen des Bremer Schnoors.<\/span><br \/>\n<span style=\"font-size: large; color: #800000;\"> Jeden 3. Samstag im Monat gibt es f\u00fcr EUCH<\/span><br \/>\n<span style=\"font-size: large; color: #800000;\"> <strong>T<\/strong>heater, <strong>U<\/strong>nterhaltung, <strong>M<\/strong>usik <strong>u<\/strong>nd <strong>L<\/strong>iterarische<strong> T<\/strong>exte.<\/span><\/p>\n<p><span style=\"font-size: medium;\">Beginn immer 19:30 Uhr.<\/span><br \/>\n<span style=\"font-size: medium;\"> Einlass ab 19 Uhr.<\/span><br \/>\n<span style=\"font-size: medium;\"> Eintritt 12,- (erm. 8,-)<\/span><br \/>\n<span style=\"font-size: medium;\"> Kartenreservierungen<\/span><span style=\"font-size: medium;\"> \u00fcber info@freiestheaterbremen.de<\/span><\/p>\n<p>*<\/p>\n<p><span style=\"font-size: large;\"><strong>Die TUMuLT Shows in der \u00dcbersicht:<\/strong><\/span><\/p>\n<p>29. November 2014 KINDLEIN MEIN, SCHLAF NUR EIN<\/p>\n<p>14. Dezember 2014 BEI WEIHNACHTSMANNS ZUHAUSE<\/p>\n<p>21. Februar 2015 MEERESRAUSCHEN (wg Krankheit verschoben auf den 7. M\u00e4rz 2015)<\/p>\n<p>21. M\u00e4rz 2015 LIEBESTAUMEL<\/p>\n<p>18. April 2015 (entfallen wg Krankheit)<\/p>\n<p>16. Mai 2015 UNBESCHIRMTE LESUNG<\/p>\n<p>20. Juni 2015 <a href=\"http:\/\/www.birgitlange.com\/freies_theater\/?page_id=94\" target=\"_blank\" rel=\"noopener\">O LIEB SOLANG DU LIEBEN KANNST<\/a><\/p>\n<p>18. Juli 2015 <a href=\"http:\/\/www.birgitlange.com\/freies_theater\/?page_id=242\" target=\"_blank\" rel=\"noopener\">KINDLEIN MEIN, SCHLAF NUR EIN<\/a><\/p>\n<p>(Sommer-\/ Herbstpause)<\/p>\n","protected":false},"excerpt":{"rendered":"","protected":false},"author":1,"featured_media":0,"parent":0,"menu_order":0,"comment_status":"closed","ping_status":"open","template":"","meta":[],"_links":{"self":[{"href":"http:\/\/www.birgitlange.com\/freies_theater\/wp-json\/wp\/v2\/pages\/31"}],"collection":[{"href":"http:\/\/www.birgitlange.com\/freies_theater\/wp-json\/wp\/v2\/pages"}],"about":[{"href":"http:\/\/www.birgitlange.com\/freies_theater\/wp-json\/wp\/v2\/types\/page"}],"author":[{"embeddable":true,"href":"http:\/\/www.birgitlange.com\/freies_theater\/wp-json\/wp\/v2\/users\/1"}],"replies":[{"embeddable":true,"href":"http:\/\/www.birgitlange.com\/freies_theater\/wp-json\/wp\/v2\/comments?post=31"}],"version-history":[{"count":63,"href":"http:\/\/www.birgitlange.com\/freies_theater\/wp-json\/wp\/v2\/pages\/31\/revisions"}],"predecessor-version":[{"id":799,"href":"http:\/\/www.birgitlange.com\/freies_theater\/wp-json\/wp\/v2\/pages\/31\/revisions\/799"}],"wp:attachment":[{"href":"http:\/\/www.birgitlange.com\/freies_theater\/wp-json\/wp\/v2\/media?parent=31"}],"curies":[{"name":"wp","href":"https:\/\/api.w.org\/{rel}","templated":true}]}}