{"id":13,"date":"2013-05-13T17:38:07","date_gmt":"2013-05-13T15:38:07","guid":{"rendered":"http:\/\/www.birgitlange.com\/freies_theater\/?page_id=13"},"modified":"2018-12-10T11:46:52","modified_gmt":"2018-12-10T09:46:52","slug":"ensemble","status":"publish","type":"page","link":"http:\/\/www.birgitlange.com\/freies_theater\/ensemble\/","title":{"rendered":"Ensemble"},"content":{"rendered":"<h1><span style=\"font-size: small;\">(f\u00fcr mehr Informationen \u00fcber unsere K\u00fcnstler, bitte einfach auf den Namen klicken!)<\/span><\/h1>\n<p>*<\/p>\n<p><span style=\"font-size: medium;\"><span style=\"font-size: large;\"><span style=\"font-size: 12pt;\"><span style=\"font-size: 14pt;\"><a href=\"https:\/\/www.facebook.com\/bicola.fanpage?fref=ts\" target=\"_blank\" rel=\"noopener\"><span style=\"color: #666699;\">Bico LaFrey<\/span><\/a><\/span> ist <\/span><\/span>die Gr\u00fcnderin und k\u00fcnstlerische Leiterin des Freien Theaters Bremen.\u00a0<\/span><span style=\"font-size: medium;\">Sie singt und spielt die Mieze im <a href=\"http:\/\/www.birgitlange.com\/freies_theater\/?page_id=76\" target=\"_blank\" rel=\"noopener\">LIEBESTAUMEL<\/a>, die Lilli im <a href=\"http:\/\/www.birgitlange.com\/freies_theater\/?page_id=80\" target=\"_blank\" rel=\"noopener\">MEERESRAUSCHEN<\/a>, die Theodore in <a href=\"http:\/\/www.birgitlange.com\/freies_theater\/?page_id=242\" target=\"_blank\" rel=\"noopener\">KINDLEIN MEIN<\/a>, die Miss Sophie in <a href=\"http:\/\/www.birgitlange.com\/freies_theater\/?page_id=97\" target=\"_blank\" rel=\"noopener\">DINNER FOR ONE, <\/a>die Laura in <a href=\"http:\/\/www.birgitlange.com\/freies_theater\/?page_id=94\" target=\"_blank\" rel=\"noopener\">O LIEB<\/a> und Erzengel Gabriella in <a href=\"http:\/\/www.birgitlange.com\/freies_theater\/?page_id=393\" target=\"_blank\" rel=\"noopener\">BEI WEIHNACHTSMANNS ZUHAUSE<\/a>. Au\u00dferdem liest sie zusammen mit Uwe in der\u00a0<a href=\"http:\/\/www.birgitlange.com\/freies_theater\/?page_id=84\" target=\"_blank\" rel=\"noopener\">UNBESCHIRMTEN LESUNG<\/a> und an Tobias Hamanns Seite in <a href=\"https:\/\/www.facebook.com\/events\/694546720666498\/\" target=\"_blank\" rel=\"noopener\">RONJA R\u00c4UBERTOCHTER.<\/a><br \/>\n<\/span><\/p>\n<p><span style=\"font-size: medium;\">Hier finden Sie Bico im Netz (f\u00fcr mehr Infos anklicken): <span style=\"font-size: large;\"><a href=\"http:\/\/www.birgitlange.com\" target=\"_blank\" rel=\"noopener\">Offizielle Homepage<\/a>, <a href=\"https:\/\/www.facebook.com\/bicola.fanpage?fref=ts\" target=\"_blank\" rel=\"noopener\">Facebook Fanpage<\/a>, <a href=\"https:\/\/www.crew-united.com\/index.asp?bio=20831\" target=\"_blank\" rel=\"noopener\">Crew-United (Filmseite), <\/a><a href=\"https:\/\/www.facebook.com\/BicosRestaurantkritiken?fref=ts\" target=\"_blank\" rel=\"noopener\">Bicos veganer Foodblog<\/a><\/span><\/span><\/p>\n<p><span style=\"font-size: medium;\">*<br \/>\n<\/span><\/p>\n<p><span style=\"color: #ff6600; font-size: 14pt;\"><a style=\"color: #ff6600;\" href=\"http:\/\/www.cedarwolf.net\" target=\"_blank\" rel=\"noopener\">Cedar D. Wolf<\/a> <\/span><span style=\"font-size: 12pt;\">ist Schauspielerin, Autorin und Filmemacherin aus Bremen. Ihr K\u00fcnstlerkollektiv <strong><a href=\"http:\/\/www.wooden-o.de\" target=\"_blank\" rel=\"noopener\">WOODEN O<\/a><\/strong> kooperiert seit 2015 f\u00fcr diverse Dinner-Show-Programme mit dem Freien Theater Bremen. Man sieht Cedar zusammen mit Bico u.a. in der Comedyshow HAUSFRAUEN GUCKEN KEINE PORNOS und in der Swing-Revue AN DER FLUGHAFENBAR GLEICH LINKS.<\/span><\/p>\n<p>*<\/p>\n<p><span style=\"font-size: medium;\"><span style=\"font-size: large; color: #800000;\"><a href=\"http:\/\/www.erwingrau.com\/\" target=\"_blank\" rel=\"noopener\"><span style=\"color: #800000;\">Erwing Rau<\/span><\/a><\/span>\u00a0hatte 2015\u00a0seinen fulminanten Einstand als Butler James in <a href=\"http:\/\/www.birgitlange.com\/freies_theater\/?page_id=97\" target=\"_blank\" rel=\"noopener\">DINNER FOR ONE<\/a> und wird in Zukunft mit Ulf Albrecht in dieser Rolle alternieren.<\/span><\/p>\n<p><span style=\"font-size: medium;\">*<\/span><\/p>\n<p><span style=\"font-size: medium;\"><span style=\"font-size: large; color: #808000;\"><a href=\"https:\/\/www.facebook.com\/martin.gresselmeyer?fref=ts\" target=\"_blank\" rel=\"noopener\"><span style=\"color: #808000;\">Martin Gresselmeyer<\/span><\/a><\/span>\u00a0ist Schauspieler aus Bremen.\u00a0<\/span><span style=\"font-size: medium;\">Sein Deb\u00fct beim FTB gab er an Bicos Seite in der Rolle des Eduardo in der szenischen Lesung <a href=\"http:\/\/www.birgitlange.com\/freies_theater\/?page_id=242\" target=\"_blank\" rel=\"noopener\">KINDLEIN MEIN, SCHLAF NUR EIN<\/a>. Mittlerweile ist er auch als Santa Klausi in <a href=\"http:\/\/www.birgitlange.com\/freies_theater\/?page_id=393\" target=\"_blank\" rel=\"noopener\">BEI WEIHNACHTSMANNS ZUHAUSE<\/a> zu bewundern.<br \/>\n<\/span><\/p>\n<p><span style=\"font-size: medium;\">*<br \/>\n<\/span><\/p>\n<p><span style=\"font-size: large;\"><span style=\"color: #000080;\"><a href=\"http:\/\/www.hardermusic.de\/Hardermusic\/home.html\" target=\"_blank\" rel=\"noopener\"><span style=\"color: #000080;\">Matthias Harder<\/span><\/a><\/span>\u00a0<\/span><span style=\"font-size: medium;\">ist Musiker und Komponist aus Hamburg. Von ihm stammen die wundersch\u00f6nen Klavier-Playbacks zum <a href=\"http:\/\/www.birgitlange.com\/freies_theater\/?page_id=76\" target=\"_blank\" rel=\"noopener\">LIEBESTAUMEL<\/a> und zum <a href=\"http:\/\/www.birgitlange.com\/freies_theater\/?page_id=80\" target=\"_blank\" rel=\"noopener\">MEERESRAUSCHEN<\/a>.<\/span><\/p>\n<p>*<\/p>\n<p><span style=\"font-size: medium;\"><span style=\"font-size: large; color: #ff0000;\"><a href=\"http:\/\/www.petrafeilen.de\/\" target=\"_blank\" rel=\"noopener\"><span style=\"color: #ff0000;\">Petra Feilen<\/span><\/a><\/span>\u00a0ist mittlerweile zu unserem Bedauern in die Hauptstadt gezogen. Bleibt dem FTB aber in der Rolle der Linda in der szenischen Lesung <a href=\"http:\/\/www.birgitlange.com\/freies_theater\/?page_id=94\" target=\"_blank\" rel=\"noopener\">O LIEB SOLANG DU LIEBEN KANNST<\/a> erhalten.\u00a0<\/span><\/p>\n<p><span style=\"font-size: medium;\">Petra im Netz: <span style=\"font-size: large;\"><a href=\"https:\/\/www.facebook.com\/actresspetrafeilen?fref=ts\" target=\"_blank\" rel=\"noopener\">Facebook Fanpage<\/a><\/span><\/span><\/p>\n<p>*<\/p>\n<p><span style=\"font-size: medium;\"><span style=\"font-size: large; color: #008000;\">Tobias Hamann<\/span> ist ebenfalls neu im Ensemble des FTB. Er wird bei uns in <a href=\"https:\/\/www.facebook.com\/events\/694546720666498\/\" target=\"_blank\" rel=\"noopener\">RONJA R\u00c4UBERTOCHTER<\/a> deb\u00fctieren, wo er an Bico Las Seite die Lesung mit Musik und Kl\u00e4ngen bereichern wird.<\/span><\/p>\n<p>*<\/p>\n<p><span style=\"font-size: medium;\"><span style=\"font-size: large; color: #33cccc;\"><a href=\"http:\/\/www.ulfalbrecht.de\/\" target=\"_blank\" rel=\"noopener\"><span style=\"color: #33cccc;\">Ulf Albrecht<\/span><\/a><\/span>\u00a0ist Schauspieler aus Bremen. Beim FTB spielt er zur Zeit in <a href=\"http:\/\/www.birgitlange.com\/freies_theater\/?page_id=97\" target=\"_blank\" rel=\"noopener\">DINNER FOR ONE<\/a> die Paraderolle des Butlers James.<\/span><\/p>\n<p><span style=\"font-size: medium;\">*<br \/>\n<\/span><\/p>\n<p><span style=\"font-size: medium;\"><span style=\"font-size: large; color: #800080;\"><a href=\"http:\/\/www.ngo-online.de\/uwe-koch\/\" target=\"_blank\" rel=\"noopener\"><span style=\"color: #800080;\">Uwe Koch<\/span><\/a><\/span>\u00a0ist Schriftsteller und Poet aus Emden. Mittlerweile ist Bremen seine Wahlheimat. Er liest zusammen mit Bico in der <a href=\"http:\/\/www.birgitlange.com\/freies_theater\/?page_id=84\" target=\"_blank\" rel=\"noopener\">UNBESCHIRMTEN LESUNG\u00a0<\/a>\u00a0aus ihrem gemeinsamen Lyrikband <a href=\"http:\/\/www.amazon.de\/unbeschirmt-Birgit-Corinna-Lange\/dp\/3839183510\" target=\"_blank\" rel=\"noopener\">&#8222;unbeschirmt&#8220;<\/a>. Au\u00dferdem stammen viele der tollen FTB-Plakate von ihm.<\/span><\/p>\n<p><a href=\"http:\/\/www.birgitlange.com\/freies_theater\/wp-content\/uploads\/2013\/05\/10476988_805992149438179_584394853632422873_o.jpg\"><img decoding=\"async\" loading=\"lazy\" class=\"alignnone wp-image-440\" src=\"http:\/\/www.birgitlange.com\/freies_theater\/wp-content\/uploads\/2013\/05\/10476988_805992149438179_584394853632422873_o.jpg\" alt=\"10476988_805992149438179_584394853632422873_o\" width=\"547\" height=\"737\" srcset=\"http:\/\/www.birgitlange.com\/freies_theater\/wp-content\/uploads\/2013\/05\/10476988_805992149438179_584394853632422873_o.jpg 1519w, http:\/\/www.birgitlange.com\/freies_theater\/wp-content\/uploads\/2013\/05\/10476988_805992149438179_584394853632422873_o-222x300.jpg 222w, http:\/\/www.birgitlange.com\/freies_theater\/wp-content\/uploads\/2013\/05\/10476988_805992149438179_584394853632422873_o-759x1024.jpg 759w, http:\/\/www.birgitlange.com\/freies_theater\/wp-content\/uploads\/2013\/05\/10476988_805992149438179_584394853632422873_o-310x417.jpg 310w, http:\/\/www.birgitlange.com\/freies_theater\/wp-content\/uploads\/2013\/05\/10476988_805992149438179_584394853632422873_o-770x1038.jpg 770w\" sizes=\"(max-width: 547px) 100vw, 547px\" \/><\/a><\/p>\n","protected":false},"excerpt":{"rendered":"","protected":false},"author":1,"featured_media":0,"parent":0,"menu_order":0,"comment_status":"closed","ping_status":"open","template":"","meta":[],"_links":{"self":[{"href":"http:\/\/www.birgitlange.com\/freies_theater\/wp-json\/wp\/v2\/pages\/13"}],"collection":[{"href":"http:\/\/www.birgitlange.com\/freies_theater\/wp-json\/wp\/v2\/pages"}],"about":[{"href":"http:\/\/www.birgitlange.com\/freies_theater\/wp-json\/wp\/v2\/types\/page"}],"author":[{"embeddable":true,"href":"http:\/\/www.birgitlange.com\/freies_theater\/wp-json\/wp\/v2\/users\/1"}],"replies":[{"embeddable":true,"href":"http:\/\/www.birgitlange.com\/freies_theater\/wp-json\/wp\/v2\/comments?post=13"}],"version-history":[{"count":52,"href":"http:\/\/www.birgitlange.com\/freies_theater\/wp-json\/wp\/v2\/pages\/13\/revisions"}],"predecessor-version":[{"id":760,"href":"http:\/\/www.birgitlange.com\/freies_theater\/wp-json\/wp\/v2\/pages\/13\/revisions\/760"}],"wp:attachment":[{"href":"http:\/\/www.birgitlange.com\/freies_theater\/wp-json\/wp\/v2\/media?parent=13"}],"curies":[{"name":"wp","href":"https:\/\/api.w.org\/{rel}","templated":true}]}}